{"id":435,"date":"2025-01-30T22:42:49","date_gmt":"2025-01-30T22:42:49","guid":{"rendered":"https:\/\/tsmatersllc.com\/home\/"},"modified":"2025-02-17T01:06:06","modified_gmt":"2025-02-17T01:06:06","slug":"home","status":"publish","type":"page","link":"https:\/\/tsmatersllc.com\/es\/","title":{"rendered":"Inicio"},"content":{"rendered":"<div data-elementor-type=\"wp-page\" data-elementor-id=\"435\" class=\"elementor elementor-435\">\n\t\t\t\t<div class=\"elementor-element elementor-element-e7d367c e-con-full e-flex e-con e-parent\" data-id=\"e7d367c\" data-element_type=\"container\" data-e-type=\"container\" data-settings=\"{&quot;background_background&quot;:&quot;classic&quot;}\">\n\t\t<div class=\"elementor-element elementor-element-4f2ebca e-con-full e-flex e-con e-child\" data-id=\"4f2ebca\" data-element_type=\"container\" data-e-type=\"container\" data-settings=\"{&quot;background_background&quot;:&quot;classic&quot;}\">\n\t\t\t\t<div class=\"elementor-element elementor-element-b5c8863 elementor-widget elementor-widget-spacer\" data-id=\"b5c8863\" data-element_type=\"widget\" data-e-type=\"widget\" data-widget_type=\"spacer.default\">\n\t\t\t\t<div class=\"elementor-widget-container\">\n\t\t\t\t\t\t\t<div class=\"elementor-spacer\">\n\t\t\t<div class=\"elementor-spacer-inner\"><\/div>\n\t\t<\/div>\n\t\t\t\t\t\t<\/div>\n\t\t\t\t<\/div>\n\t\t\t\t<\/div>\n\t\t<div class=\"elementor-element elementor-element-b3e00a9 e-con-full e-flex e-con e-child\" data-id=\"b3e00a9\" data-element_type=\"container\" data-e-type=\"container\" data-settings=\"{&quot;background_background&quot;:&quot;classic&quot;}\">\n\t\t<div class=\"elementor-element elementor-element-f2474d0 e-con-full e-flex e-con e-child\" data-id=\"f2474d0\" data-element_type=\"container\" data-e-type=\"container\">\n\t\t<div class=\"elementor-element elementor-element-3515b24 e-con-full e-flex e-con e-child\" data-id=\"3515b24\" data-element_type=\"container\" data-e-type=\"container\">\n\t\t<div class=\"elementor-element elementor-element-2a9cefe e-con-full e-flex e-con e-child\" data-id=\"2a9cefe\" data-element_type=\"container\" data-e-type=\"container\">\n\t\t\t\t<div class=\"elementor-element elementor-element-2ecb295 elementor-widget elementor-widget-heading\" data-id=\"2ecb295\" data-element_type=\"widget\" data-e-type=\"widget\" data-widget_type=\"heading.default\">\n\t\t\t\t<div class=\"elementor-widget-container\">\n\t\t\t\t\t<h1 class=\"elementor-heading-title elementor-size-default\"><b>The Smarters Services LLC<\/b><\/h1>\t\t\t\t<\/div>\n\t\t\t\t<\/div>\n\t\t\t\t<\/div>\n\t\t\t\t<div class=\"elementor-element elementor-element-922adb3 elementor-widget-divider--view-line elementor-widget elementor-widget-divider\" data-id=\"922adb3\" data-element_type=\"widget\" data-e-type=\"widget\" data-widget_type=\"divider.default\">\n\t\t\t\t<div class=\"elementor-widget-container\">\n\t\t\t\t\t\t\t<div class=\"elementor-divider\">\n\t\t\t<span class=\"elementor-divider-separator\">\n\t\t\t\t\t\t<\/span>\n\t\t<\/div>\n\t\t\t\t\t\t<\/div>\n\t\t\t\t<\/div>\n\t\t\t\t<div class=\"elementor-element elementor-element-083927d elementor-vertical-align-top elementor-widget elementor-widget-image-box\" data-id=\"083927d\" data-element_type=\"widget\" data-e-type=\"widget\" data-widget_type=\"image-box.default\">\n\t\t\t\t<div class=\"elementor-widget-container\">\n\t\t\t\t\t<div class=\"elementor-image-box-wrapper\"><div class=\"elementor-image-box-content\"><h3 class=\"elementor-image-box-title\">Transformaremos su hogar en un espacio Inteligente y Conectado!<\/h3><\/div><\/div>\t\t\t\t<\/div>\n\t\t\t\t<\/div>\n\t\t\t\t<\/div>\n\t\t\t\t<\/div>\n\t\t\t\t<div class=\"elementor-element elementor-element-15e6b08 elementor-mobile-align-left elementor-widget elementor-widget-button\" data-id=\"15e6b08\" data-element_type=\"widget\" data-e-type=\"widget\" data-widget_type=\"button.default\">\n\t\t\t\t<div class=\"elementor-widget-container\">\n\t\t\t\t\t\t\t\t\t<div class=\"elementor-button-wrapper\">\n\t\t\t\t\t<a class=\"elementor-button elementor-button-link elementor-size-md\" href=\"#\">\n\t\t\t\t\t\t<span class=\"elementor-button-content-wrapper\">\n\t\t\t\t\t\t<span class=\"elementor-button-icon\">\n\t\t\t\t<svg aria-hidden=\"true\" class=\"e-font-icon-svg e-fas-arrow-right\" viewbox=\"0 0 448 512\" xmlns=\"http:\/\/www.w3.org\/2000\/svg\"><path d=\"M190.5 66.9l22.2-22.2c9.4-9.4 24.6-9.4 33.9 0L441 239c9.4 9.4 9.4 24.6 0 33.9L246.6 467.3c-9.4 9.4-24.6 9.4-33.9 0l-22.2-22.2c-9.5-9.5-9.3-25 .4-34.3L311.4 296H24c-13.3 0-24-10.7-24-24v-32c0-13.3 10.7-24 24-24h287.4L190.9 101.2c-9.8-9.3-10-24.8-.4-34.3z\"><\/path><\/svg>\t\t\t<\/span>\n\t\t\t\t\t\t\t\t\t<span class=\"elementor-button-text\">Programe su cita!<\/span>\n\t\t\t\t\t<\/span>\n\t\t\t\t\t<\/a>\n\t\t\t\t<\/div>\n\t\t\t\t\t\t\t\t<\/div>\n\t\t\t\t<\/div>\n\t\t\t\t<\/div>\n\t\t\t\t<\/div>\n\t\t<div class=\"elementor-element elementor-element-c64b8c6 e-flex e-con-boxed e-con e-parent\" data-id=\"c64b8c6\" data-element_type=\"container\" data-e-type=\"container\" data-settings=\"{&quot;background_background&quot;:&quot;classic&quot;}\">\n\t\t\t\t\t<div class=\"e-con-inner\">\n\t\t<div class=\"elementor-element elementor-element-fa2a58f e-con-full e-flex e-con e-child\" data-id=\"fa2a58f\" data-element_type=\"container\" data-e-type=\"container\">\n\t\t<div class=\"elementor-element elementor-element-b7f1751 e-con-full e-flex e-con e-child\" data-id=\"b7f1751\" data-element_type=\"container\" data-e-type=\"container\">\n\t\t<div class=\"elementor-element elementor-element-adf6d1c e-con-full e-flex e-con e-child\" data-id=\"adf6d1c\" data-element_type=\"container\" data-e-type=\"container\">\n\t\t\t\t<div class=\"elementor-element elementor-element-b053295 elementor-widget elementor-widget-icon-box\" data-id=\"b053295\" data-element_type=\"widget\" data-e-type=\"widget\" data-widget_type=\"icon-box.default\">\n\t\t\t\t<div class=\"elementor-widget-container\">\n\t\t\t\t\t\t\t<div class=\"elementor-icon-box-wrapper\">\n\n\t\t\t\n\t\t\t\t\t\t<div class=\"elementor-icon-box-content\">\n\n\t\t\t\t\t\t\t\t\t<h2 class=\"elementor-icon-box-title\">\n\t\t\t\t\t\t<span  >\n\t\t\t\t\t\t\t\u00bfPorque Elegirnos? \t\t\t\t\t\t<\/span>\n\t\t\t\t\t<\/h2>\n\t\t\t\t\n\t\t\t\t\t\t\t\t\t<p class=\"elementor-icon-box-description\">\n\t\t\t\t\t\t<p data-pm-slice=\"1 1 []\">En The Smarters Services LLC, hacemos algo m\u00e1s que instalar dispositivos inteligentes - Creamos, conectamos y personalizamos experiencias de vida para cada cliente. Aqu\u00ed hay algunas razones por qu\u00e9 somos su mejor opci\u00f3n:<\/p><ul data-spread=\"false\"><li><p><strong>Experiencia y Conocimientos<\/strong>: Nuestro equipo se compone de profesionales altamente capacitados en la dom\u00f3tica y la tecnolog\u00eda inteligente.<\/p><\/li><li><p><strong>Soluciones Personalizadas<\/strong>: El dise\u00f1o y la implementaci\u00f3n de sistemas adaptados a sus necesidades y estilo de vida.<\/p><\/li><li><p><strong>Servicio Al Cliente Premium<\/strong>: Le guiaremos a trav\u00e9s de todo el proceso, desde la consulta inicial hasta la instalaci\u00f3n y soporte continuo.<\/p><\/li><li><p><strong>Tecnolog\u00eda De Vanguardia<\/strong>: Trabajamos con las mejores marcas y las \u00faltimas innovaciones para garantizar calidad y eficiencia.<\/p><\/li><li><p><strong>Seguridad y Fiabilidad<\/strong>: Implementamos sistemas que protegen su hogar y optimizan su funcionalidad.<\/p><\/li><li><p><strong>Eficiencia Energ\u00e9tica<\/strong>: Nuestras soluciones le ayudan a reducir costos y ser m\u00e1s sostenible, sin sacrificar la comodidad.<\/p><\/li><\/ul><span style=\"font-style: inherit;font-weight: inherit;background-color: var(--ast-global-color-4);color: var(--ast-global-color-3)\">Conf\u00ede en nosotros para convertir su hogar en un lugar inteligente, eficiente y seguro. <\/span><strong style=\"font-style: inherit;background-color: var(--ast-global-color-4);color: var(--ast-global-color-3)\">Conecte con el futuro hoy!<\/strong>\t\t\t\t\t<\/p>\n\t\t\t\t\n\t\t\t<\/div>\n\t\t\t\n\t\t<\/div>\n\t\t\t\t\t\t<\/div>\n\t\t\t\t<\/div>\n\t\t\t\t<\/div>\n\t\t\t\t<\/div>\n\t\t\t\t<\/div>\n\t\t\t\t\t<\/div>\n\t\t\t\t<\/div>\n\t\t\t\t<\/div>","protected":false},"excerpt":{"rendered":"<p>The Smarters Services LLC Transforming Your Home into a Smart and Connected Space! Schedule Today Why Choose Us! At The Smarters Services LLC, we do more than just install smart devices &#8211; we create connected and personalized living experiences for each customer. Here are some reasons why we are your best choice: Experience and Expertise: [&hellip;]<\/p>","protected":false},"author":1,"featured_media":0,"parent":0,"menu_order":0,"comment_status":"closed","ping_status":"closed","template":"","meta":{"_surecart_dashboard_logo_width":"180px","_surecart_dashboard_show_logo":true,"_surecart_dashboard_navigation_orders":true,"_surecart_dashboard_navigation_invoices":true,"_surecart_dashboard_navigation_subscriptions":true,"_surecart_dashboard_navigation_downloads":true,"_surecart_dashboard_navigation_billing":true,"_surecart_dashboard_navigation_account":true,"_uag_custom_page_level_css":"","site-sidebar-layout":"no-sidebar","site-content-layout":"page-builder","ast-site-content-layout":"default","site-content-style":"default","site-sidebar-style":"default","ast-global-header-display":"","ast-banner-title-visibility":"","ast-main-header-display":"","ast-hfb-above-header-display":"","ast-hfb-below-header-display":"","ast-hfb-mobile-header-display":"","site-post-title":"disabled","ast-breadcrumbs-content":"","ast-featured-img":"disabled","footer-sml-layout":"","ast-disable-related-posts":"","theme-transparent-header-meta":"default","adv-header-id-meta":"","stick-header-meta":"","header-above-stick-meta":"","header-main-stick-meta":"","header-below-stick-meta":"","astra-migrate-meta-layouts":"default","ast-page-background-enabled":"default","ast-page-background-meta":{"desktop":{"background-color":"","background-image":"","background-repeat":"repeat","background-position":"center center","background-size":"auto","background-attachment":"scroll","background-type":"","background-media":"","overlay-type":"","overlay-color":"","overlay-opacity":"","overlay-gradient":""},"tablet":{"background-color":"","background-image":"","background-repeat":"repeat","background-position":"center center","background-size":"auto","background-attachment":"scroll","background-type":"","background-media":"","overlay-type":"","overlay-color":"","overlay-opacity":"","overlay-gradient":""},"mobile":{"background-color":"","background-image":"","background-repeat":"repeat","background-position":"center center","background-size":"auto","background-attachment":"scroll","background-type":"","background-media":"","overlay-type":"","overlay-color":"","overlay-opacity":"","overlay-gradient":""}},"ast-content-background-meta":{"desktop":{"background-color":"var(--ast-global-color-5)","background-image":"","background-repeat":"repeat","background-position":"center center","background-size":"auto","background-attachment":"scroll","background-type":"","background-media":"","overlay-type":"","overlay-color":"","overlay-opacity":"","overlay-gradient":""},"tablet":{"background-color":"var(--ast-global-color-5)","background-image":"","background-repeat":"repeat","background-position":"center center","background-size":"auto","background-attachment":"scroll","background-type":"","background-media":"","overlay-type":"","overlay-color":"","overlay-opacity":"","overlay-gradient":""},"mobile":{"background-color":"var(--ast-global-color-5)","background-image":"","background-repeat":"repeat","background-position":"center center","background-size":"auto","background-attachment":"scroll","background-type":"","background-media":"","overlay-type":"","overlay-color":"","overlay-opacity":"","overlay-gradient":""}},"footnotes":""},"class_list":["post-435","page","type-page","status-publish","hentry"],"uagb_featured_image_src":{"full":false,"thumbnail":false,"medium":false,"medium_large":false,"large":false,"1536x1536":false,"2048x2048":false,"trp-custom-language-flag":false},"uagb_author_info":{"display_name":"josepragma27","author_link":"https:\/\/tsmatersllc.com\/es\/author\/josepragma27\/"},"uagb_comment_info":0,"uagb_excerpt":"The Smarters Services LLC Transforming Your Home into a Smart and Connected Space! Schedule Today Why Choose Us! At The Smarters Services LLC, we do more than just install smart devices &#8211; we create connected and personalized living experiences for each customer. Here are some reasons why we are your best choice: Experience and Expertise:&hellip;","_links":{"self":[{"href":"https:\/\/tsmatersllc.com\/es\/wp-json\/wp\/v2\/pages\/435","targetHints":{"allow":["GET"]}}],"collection":[{"href":"https:\/\/tsmatersllc.com\/es\/wp-json\/wp\/v2\/pages"}],"about":[{"href":"https:\/\/tsmatersllc.com\/es\/wp-json\/wp\/v2\/types\/page"}],"author":[{"embeddable":true,"href":"https:\/\/tsmatersllc.com\/es\/wp-json\/wp\/v2\/users\/1"}],"replies":[{"embeddable":true,"href":"https:\/\/tsmatersllc.com\/es\/wp-json\/wp\/v2\/comments?post=435"}],"version-history":[{"count":55,"href":"https:\/\/tsmatersllc.com\/es\/wp-json\/wp\/v2\/pages\/435\/revisions"}],"predecessor-version":[{"id":858,"href":"https:\/\/tsmatersllc.com\/es\/wp-json\/wp\/v2\/pages\/435\/revisions\/858"}],"wp:attachment":[{"href":"https:\/\/tsmatersllc.com\/es\/wp-json\/wp\/v2\/media?parent=435"}],"curies":[{"name":"wp","href":"https:\/\/api.w.org\/{rel}","templated":true}]}}